{"id":15629,"date":"2019-11-14T06:19:31","date_gmt":"2019-11-14T05:19:31","guid":{"rendered":"https:\/\/br-capital.pl\/%d0%bf%d1%80%d0%b0%d0%b9%d1%81-%d0%bb%d0%b8%d1%81%d1%82\/"},"modified":"2023-12-28T13:14:03","modified_gmt":"2023-12-28T12:14:03","slug":"prajs-list","status":"publish","type":"page","link":"https:\/\/br-capital.pl\/uk\/prajs-list\/","title":{"rendered":"\u041f\u0440\u0430\u0439\u0441 \u043b\u0438\u0441\u0442"},"content":{"rendered":"\t\t<div data-elementor-type=\"wp-page\" data-elementor-id=\"15629\" class=\"elementor elementor-15629 elementor-6298\">\n\t\t\t\t\t\t\t\t\t<section class=\"elementor-section elementor-top-section elementor-element elementor-element-304c020 elementor-section-boxed elementor-section-height-default elementor-section-height-default\" data-id=\"304c020\" data-element_type=\"section\">\n\t\t\t\t\t\t<div class=\"elementor-container elementor-column-gap-default\">\n\t\t\t\t\t<div class=\"elementor-column elementor-col-100 elementor-top-column elementor-element elementor-element-d10a8f0\" data-id=\"d10a8f0\" data-element_type=\"column\">\n\t\t\t<div class=\"elementor-widget-wrap elementor-element-populated\">\n\t\t\t\t\t\t\t\t<div class=\"elementor-element elementor-element-2a67ee2 elementor-widget elementor-widget-inzofinsectiontitle\" data-id=\"2a67ee2\" data-element_type=\"widget\" data-widget_type=\"inzofinsectiontitle.default\">\n\t\t\t\t<div class=\"elementor-widget-container\">\n\t\t\t<div class=\"section-title-wrapper margin-bottom-30 text-center\"><div class=\"title-wrap\"><h2 class=\"section-title\">\u0411\u0443\u0445\u0433\u0430\u043b\u0442\u0435\u0440\u0441\u044c\u043a\u0438\u0439 \u043e\u0431\u043b\u0456\u043a<\/h2><\/div><!-- .title-wrap --><div class=\"section-description\"><\/div><!-- .section-description --><\/div><!-- .section-title-wrapper -->\t\t<\/div>\n\t\t\t\t<\/div>\n\t\t\t\t<div class=\"elementor-element elementor-element-be69770 elementor-widget elementor-widget-inzofinsectiontitle\" data-id=\"be69770\" data-element_type=\"widget\" data-widget_type=\"inzofinsectiontitle.default\">\n\t\t\t\t<div class=\"elementor-widget-container\">\n\t\t\t<div class=\"section-title-wrapper margin-bottom-30 text-center\"><div class=\"title-wrap\"><h2 class=\"section-title\">\u0421\u043f\u0440\u043e\u0449\u0435\u043d\u0430 \u0441\u0438\u0441\u0442\u0435\u043c\u0430 \u043e\u043f\u043e\u0434\u0430\u0442\u043a\u0443\u0432\u0430\u043d\u043d\u044f<\/h2><\/div><!-- .title-wrap --><div class=\"section-description\"><\/div><!-- .section-description --><\/div><!-- .section-title-wrapper -->\t\t<\/div>\n\t\t\t\t<\/div>\n\t\t\t\t<div class=\"elementor-element elementor-element-36ff844 elementor-widget elementor-widget-inzofinsectiontitle\" data-id=\"36ff844\" data-element_type=\"widget\" data-widget_type=\"inzofinsectiontitle.default\">\n\t\t\t\t<div class=\"elementor-widget-container\">\n\t\t\t<div class=\"section-title-wrapper margin-bottom-30 text-center\"><div class=\"title-wrap\"><h3 class=\"section-title\">\u0404\u0434\u0438\u043d\u0438\u0439 \u043f\u043e\u0434\u0430\u0442\u043e\u043a (\u043f\u043e\u043b\u044c\u0441\u044c. rycza\u0142t ewidencjonowany) i \u043a\u043d\u0438\u0433\u0430 \u043d\u0430\u0434\u0445\u043e\u0434\u0436\u0435\u043d\u044c \u0442\u0430 \u0432\u0438\u0442\u0440\u0430\u0442 (\u043f\u043e\u043b\u044c\u0441\u044c. ksi\u0105\u017cka przychod\u00f3w i rozchod\u00f3w)<\/h3><\/div><!-- .title-wrap --><div class=\"section-description\"><\/div><!-- .section-description --><\/div><!-- .section-title-wrapper -->\t\t<\/div>\n\t\t\t\t<\/div>\n\t\t\t\t<div class=\"elementor-element elementor-element-3472463 elementor-widget elementor-widget-html\" data-id=\"3472463\" data-element_type=\"widget\" data-widget_type=\"html.default\">\n\t\t\t\t<div class=\"elementor-widget-container\">\n\t\t\t<table>\n    <tr>\n        <td style=\"text-align:left;\"><strong>\u0434\u043e 10 \u0434\u043e\u043a\u0443\u043c\u0435\u043d\u0442\u0456\u0432<\/strong><\/td>\n        <td>\u0432\u0456\u0434 200 \u0437\u043b\u043e\u0442\u0438\u0445<\/td>\n    <\/tr>\n    <tr>\n        <td style=\"text-align:left;\"><strong>\u0434\u043e 50 \u0434\u043e\u043a\u0443\u043c\u0435\u043d\u0442\u0456\u0432<\/strong><\/td>\n        <td>\u0432\u0456\u0434 300 \u0437\u043b\u043e\u0442\u0438\u0445<\/td>\n    <\/tr>\n    <tr>\n        <td style=\"text-align:left;\"><strong>\u0434\u043e 100 \u0434\u043e\u043a\u0443\u043c\u0435\u043d\u0442\u0456\u0432<\/strong><\/td>\n        <td>\u0432\u0456\u0434 450 \u0437\u043b\u043e\u0442\u0438\u0445<\/td>\n    <\/tr>\n    <tr>\n        <td style=\"text-align:left;\"><strong>\u0434\u043e 150 \u0434\u043e\u043a\u0443\u043c\u0435\u043d\u0442\u0456\u0432<\/strong><\/td>\n        <td>\u0432\u0456\u0434 550 \u0437\u043b\u043e\u0442\u0438\u0445<\/td>\n    <\/tr>\n<\/table>\t\t<\/div>\n\t\t\t\t<\/div>\n\t\t\t\t<div class=\"elementor-element elementor-element-510e638 elementor-widget elementor-widget-inzofinsectiontitle\" data-id=\"510e638\" data-element_type=\"widget\" data-widget_type=\"inzofinsectiontitle.default\">\n\t\t\t\t<div class=\"elementor-widget-container\">\n\t\t\t<div class=\"section-title-wrapper margin-bottom-30 text-center\"><div class=\"title-wrap\"><h2 class=\"section-title\">\u0417\u0430\u0433\u0430\u043b\u044c\u043d\u0430 \u0441\u0438\u0441\u0442\u0435\u043c\u0430 \u043e\u043f\u043e\u0434\u0430\u0442\u043a\u0443\u0432\u0430\u043d\u043d\u044f<\/h2><\/div><!-- .title-wrap --><div class=\"section-description\"><\/div><!-- .section-description --><\/div><!-- .section-title-wrapper -->\t\t<\/div>\n\t\t\t\t<\/div>\n\t\t\t\t<div class=\"elementor-element elementor-element-8c6ed81 elementor-widget elementor-widget-html\" data-id=\"8c6ed81\" data-element_type=\"widget\" data-widget_type=\"html.default\">\n\t\t\t\t<div class=\"elementor-widget-container\">\n\t\t\t<table>\n    <tr>\n        <td style=\"text-align:left;\"><strong>\u0434\u043e 10 \u0434\u043e\u043a\u0443\u043c\u0435\u043d\u0442\u0456\u0432<\/strong><\/td>\n        <td>\u0432\u0456\u0434 600 \u0437\u043b\u043e\u0442\u0438\u0445<\/td>\n    <\/tr>\n    <tr>\n        <td style=\"text-align:left;\"><strong>\u0434\u043e 50 \u0434\u043e\u043a\u0443\u043c\u0435\u043d\u0442\u0456\u0432<\/strong><\/td>\n        <td>\u0432\u0456\u0434 850 \u0437\u043b\u043e\u0442\u0438\u0445<\/td>\n    <\/tr>\n    <tr>\n        <td style=\"text-align:left;\"><strong>\u0434\u043e 100 \u0434\u043e\u043a\u0443\u043c\u0435\u043d\u0442\u0456\u0432<\/strong><\/td>\n        <td>\u0432\u0456\u0434 1100 \u0437\u043b\u043e\u0442\u0438\u0445<\/td>\n    <\/tr>\n    <tr>\n        <td style=\"text-align:left;\"><strong>\u0434\u043e 150 \u0434\u043e\u043a\u0443\u043c\u0435\u043d\u0442\u0456\u0432<\/strong><\/td>\n        <td>\u0432\u0456\u0434 1600 \u0437\u043b\u043e\u0442\u0438\u0445<\/td>\n    <\/tr>\n<\/table>\n<ul>\n    <li>\u0426\u0456\u043d\u0430 \u0437\u0430 \u0431\u0443\u0445\u0433\u0430\u043b\u0442\u0435\u0440\u0441\u044c\u043a\u0438\u0439 \u043e\u0431\u043b\u0456\u043a \u0434\u043b\u044f \u043f\u0456\u0434\u043f\u0440\u0438\u0454\u043c\u0446\u044f, \u0449\u043e \u0434\u043e\u0441\u0442\u0430\u0432\u0438\u0442\u044c \u0431\u0456\u043b\u044c\u0448\u0435 \u043d\u0456\u0436 150 \u0434\u043e\u043a\u0443\u043c\u0435\u043d\u0442\u0456\u0432 \u0449\u043e\u043c\u0456\u0441\u044f\u0446\u044f, \u0431\u0443\u0434\u0435 \u0432\u0438\u0437\u043d\u0430\u0447\u0435\u043d\u0430 \u0456\u043d\u0434\u0438\u0432\u0456\u0434\u0443\u0430\u043b\u044c\u043d\u043e.<\/li>\n<\/ul>\t\t<\/div>\n\t\t\t\t<\/div>\n\t\t\t\t<div class=\"elementor-element elementor-element-bd9d26b elementor-widget elementor-widget-inzofinsectiontitle\" data-id=\"bd9d26b\" data-element_type=\"widget\" data-widget_type=\"inzofinsectiontitle.default\">\n\t\t\t\t<div class=\"elementor-widget-container\">\n\t\t\t<div class=\"section-title-wrapper margin-bottom-30 text-center\"><div class=\"title-wrap\"><h2 class=\"section-title\">\u0406\u043d\u0448\u0456 \u043f\u043e\u0441\u043b\u0443\u0433\u0438<\/h2><\/div><!-- .title-wrap --><div class=\"section-description\"><\/div><!-- .section-description --><\/div><!-- .section-title-wrapper -->\t\t<\/div>\n\t\t\t\t<\/div>\n\t\t\t\t<div class=\"elementor-element elementor-element-d8a70fa elementor-widget elementor-widget-html\" data-id=\"d8a70fa\" data-element_type=\"widget\" data-widget_type=\"html.default\">\n\t\t\t\t<div class=\"elementor-widget-container\">\n\t\t\t<table>\n    <tr>\n        <td style=\"text-align:left;\"><strong>\u041e\u0431\u0441\u043b\u0443\u0433\u043e\u0432\u0443\u0432\u0430\u043d\u043d\u044f \u043a\u0430\u0434\u0440\u0456\u0432 \u0456 \u0440\u043e\u0437\u0440\u0430\u0445\u0443\u043d\u043e\u043a \u0437\u0430\u0440\u043e\u0431\u0456\u0442\u043d\u0438\u0445 \u043f\u043b\u0430\u0442 (1 \u043f\u0440\u0430\u0446\u0456\u0432\u043d\u0438\u043a) <\/strong><\/td>\n        <td>50 \u0437\u043b\u043e\u0442\u0438\u0445<\/td>\n    <\/tr>\n    <tr>\n        <td style=\"text-align:left;\"><strong>\u041e\u0442\u0440\u0438\u043c\u0430\u043d\u043d\u044f \u043d\u043e\u043c\u0435\u0440\u0430 \u041f\u0415\u0421\u0415\u041b\u042c (PESEL)<\/strong><\/td>\n        <td>250 \u0437\u043b\u043e\u0442\u0438\u0445<\/td>\n    <\/tr>\n    <tr>\n        <td style=\"text-align:left;\"><strong>\u041e\u0442\u0440\u0438\u043c\u0430\u043d\u043d\u044f \u0434\u043e\u0432\u0456\u0440\u0435\u043d\u043e\u0433\u043e \u043f\u0440\u043e\u0444\u0456\u043b\u044e \u0442\u0430 \u0435\u043b\u0435\u043a\u0442\u0440\u043e\u043d\u043d\u043e\u0433\u043e \u043f\u0456\u0434\u043f\u0438\u0441\u0443<\/strong><\/td>\n        <td>250 \u0437\u043b\u043e\u0442\u0438\u0445<\/td>\n    <\/tr>\n    <tr>\n        <td style=\"text-align:left;\"><strong>\u041f\u0456\u0434\u0433\u043e\u0442\u043e\u0432\u043a\u0430 \u0434\u043e\u0433\u043e\u0432\u043e\u0440\u0456\u0432 \u0437 \u043f\u0440\u0430\u0446\u0456\u0432\u043d\u0438\u043a\u0430\u043c\u0438 (\u0442\u0440\u0443\u0434\u043e\u0432\u0438\u0439 \u0434\u043e\u0433\u043e\u0432\u0456\u0440\/\u043f\u043e\u043b\u044c\u0441\u044c. umowa o prac\u0119, \u0434\u043e\u0433\u043e\u0432\u0456\u0440 \u043f\u0440\u043e \u043d\u0430\u0434\u0430\u043d\u043d\u044f \u043f\u043e\u0441\u043b\u0443\u0433\/\u043f\u043e\u043b\u044c\u0441\u044c. umowa o dzie\u0142o)<\/strong><\/td>\n        <td>50 \u0437\u043b\u043e\u0442\u0438\u0445 \u0434\u043b\u044f \u043f\u0440\u0430\u0446\u0456\u0432\u043d\u0438\u043a\u0430<\/td>\n    <\/tr>\n    <tr>\n        <td style=\"text-align:left;\"><strong>\u041b\u0435\u0433\u0430\u043b\u0456\u0437\u0430\u0446\u0456\u044f \u043f\u0440\u0430\u0446\u0435\u0432\u043b\u0430\u0448\u0442\u0443\u0432\u0430\u043d\u043d\u044f \u0433\u0440\u043e\u043c\u0430\u0434\u044f\u043d\u0438\u043d\u0430 \u0423\u043a\u0440\u0430\u0457\u043d\u0438<\/strong><\/td>\n        <td>250 \u0437\u043b\u043e\u0442\u0438\u0445<\/td>\n    <\/tr>\n    <tr>\n        <td style=\"text-align:left;\"><strong>\u041b\u0435\u0433\u0430\u043b\u0456\u0437\u0430\u0446\u0456\u044f \u043f\u0440\u0430\u0446\u0435\u0432\u043b\u0430\u0448\u0442\u0443\u0432\u0430\u043d\u043d\u044f \u0433\u0440\u043e\u043c\u0430\u0434\u044f\u043d \u0411\u0456\u043b\u043e\u0440\u0443\u0441\u0456, \u0412\u0456\u0440\u043c\u0435\u043d\u0456\u0457, \u0413\u0440\u0443\u0437\u0456\u0457 \u0442\u0430 \u041c\u043e\u043b\u0434\u043e\u0432\u0438<\/strong><\/td>\n        <td>750 \u0437\u043b\u043e\u0442\u0438\u0445<\/td>\n    <\/tr>\n    <tr>\n        <td style=\"text-align:left;\"><strong>\u041b\u0435\u0433\u0430\u043b\u0456\u0437\u0430\u0446\u0456\u044f \u043f\u0440\u0430\u0446\u0435\u0432\u043b\u0430\u0448\u0442\u0443\u0432\u0430\u043d\u043d\u044f \u0456\u043d\u0448\u0438\u0445 \u0433\u0440\u043e\u043c\u0430\u0434\u044f\u043d (\u0437-\u043f\u043e\u0437\u0430 \u0404\u0421)<\/strong><\/td>\n        <td>1.000 \u0437\u043b\u043e\u0442\u0438\u0445<\/td>\n    <\/tr>\n    <tr>\n        <td style=\"text-align:left;\"><strong>\u0414\u043e\u043f\u043e\u043c\u043e\u0433\u0430 \u043f\u0440\u0438 \u0440\u0435\u0454\u0441\u0442\u0440\u0430\u0446\u0456\u0457 \u0433\u043e\u0441\u043f\u043e\u0434\u0430\u0440\u0441\u044c\u043a\u043e\u0457 \u0434\u0456\u044f\u043b\u044c\u043d\u043e\u0441\u0442\u0456 (\u0424\u041e\u041f)<\/strong><\/td>\n        <td>250 \u0437\u043b\u043e\u0442\u0438\u0445<\/td>\n    <\/tr>\n    <tr>\n        <td style=\"text-align:left;\"><strong>\u0414\u043e\u043f\u043e\u043c\u043e\u0433\u0430 \u043f\u0440\u0438 \u0440\u0435\u0454\u0441\u0442\u0440\u0430\u0446\u0456\u0457 \u0422\u041e\u0412 (\u0447\u0435\u0440\u0435\u0437 \u0406\u043d\u0442\u0435\u0440\u043d\u0435\u0442) <\/strong><\/td>\n        <td>500 \u0437\u043b\u043e\u0442\u0438\u0445<\/td>\n    <\/tr>\n    <tr>\n        <td style=\"text-align:left;\"><strong>\u0420\u0456\u0447\u043d\u0438\u0439, \u043e\u0431\u043e\u0432\u2019\u044f\u0437\u043a\u043e\u0432\u0438\u0439 \u0437\u0432\u0456\u0442 \u0434\u043b\u044f \u044e\u0440\u043e\u0441\u0456\u0431 \u0442\u0430 \u043e\u0441\u0456\u0431 \u0437\u043e\u0431\u043e\u0432\u2019\u044f\u0437\u0430\u043d\u0438\u0445 \u043f\u0440\u043e\u0432\u0430\u0434\u0438\u0442\u0438 \u043e\u0431\u043b\u0456\u043a \u043d\u0430 \u0437\u0430\u0433\u0430\u043b\u044c\u043d\u0438\u0445 \u0437\u0430\u0441\u0430\u0434\u0430\u0445<\/strong><\/td>\n        <td>1.100 \u0437\u043b\u043e\u0442\u0438\u0445<\/td>\n    <\/tr>\n<\/table>\t\t<\/div>\n\t\t\t\t<\/div>\n\t\t\t\t\t<\/div>\n\t\t<\/div>\n\t\t\t\t\t\t\t<\/div>\n\t\t<\/section>\n\t\t\t\t\t\t\t<\/div>\n\t\t","protected":false},"excerpt":{"rendered":"<p>\u0411\u0443\u0445\u0433\u0430\u043b\u0442\u0435\u0440\u0441\u044c\u043a\u0438\u0439 \u043e\u0431\u043b\u0456\u043a \u0421\u043f\u0440\u043e\u0449\u0435\u043d\u0430 \u0441\u0438\u0441\u0442\u0435\u043c\u0430 \u043e\u043f\u043e\u0434\u0430\u0442\u043a\u0443\u0432\u0430\u043d\u043d\u044f \u0404\u0434\u0438\u043d\u0438\u0439 \u043f\u043e\u0434\u0430\u0442\u043e\u043a (\u043f\u043e\u043b\u044c\u0441\u044c. rycza\u0142t ewidencjonowany) i \u043a\u043d\u0438\u0433\u0430 \u043d\u0430\u0434\u0445\u043e\u0434\u0436\u0435\u043d\u044c \u0442\u0430 \u0432\u0438\u0442\u0440\u0430\u0442 (\u043f\u043e\u043b\u044c\u0441\u044c. ksi\u0105\u017cka przychod\u00f3w i rozchod\u00f3w) \u0434\u043e 10 \u0434\u043e\u043a\u0443\u043c\u0435\u043d\u0442\u0456\u0432 \u0432\u0456\u0434 200 \u0437\u043b\u043e\u0442\u0438\u0445 \u0434\u043e 50 \u0434\u043e\u043a\u0443\u043c\u0435\u043d\u0442\u0456\u0432 \u0432\u0456\u0434 300 \u0437\u043b\u043e\u0442\u0438\u0445 \u0434\u043e 100 \u0434\u043e\u043a\u0443\u043c\u0435\u043d\u0442\u0456\u0432 \u0432\u0456\u0434 450 \u0437\u043b\u043e\u0442\u0438\u0445 \u0434\u043e 150 \u0434\u043e\u043a\u0443\u043c\u0435\u043d\u0442\u0456\u0432 \u0432\u0456\u0434 550 \u0437\u043b\u043e\u0442\u0438\u0445 \u0417\u0430\u0433\u0430\u043b\u044c\u043d\u0430 \u0441\u0438\u0441\u0442\u0435\u043c\u0430 \u043e\u043f\u043e\u0434\u0430\u0442\u043a\u0443\u0432\u0430\u043d\u043d\u044f \u0434\u043e 10 \u0434\u043e\u043a\u0443\u043c\u0435\u043d\u0442\u0456\u0432 \u0432\u0456\u0434 600 \u0437\u043b\u043e\u0442\u0438\u0445 \u0434\u043e 50<\/p>\n","protected":false},"author":1,"featured_media":0,"parent":0,"menu_order":0,"comment_status":"closed","ping_status":"closed","template":"","meta":[],"_links":{"self":[{"href":"https:\/\/br-capital.pl\/uk\/wp-json\/wp\/v2\/pages\/15629"}],"collection":[{"href":"https:\/\/br-capital.pl\/uk\/wp-json\/wp\/v2\/pages"}],"about":[{"href":"https:\/\/br-capital.pl\/uk\/wp-json\/wp\/v2\/types\/page"}],"author":[{"embeddable":true,"href":"https:\/\/br-capital.pl\/uk\/wp-json\/wp\/v2\/users\/1"}],"replies":[{"embeddable":true,"href":"https:\/\/br-capital.pl\/uk\/wp-json\/wp\/v2\/comments?post=15629"}],"version-history":[{"count":32,"href":"https:\/\/br-capital.pl\/uk\/wp-json\/wp\/v2\/pages\/15629\/revisions"}],"predecessor-version":[{"id":16154,"href":"https:\/\/br-capital.pl\/uk\/wp-json\/wp\/v2\/pages\/15629\/revisions\/16154"}],"wp:attachment":[{"href":"https:\/\/br-capital.pl\/uk\/wp-json\/wp\/v2\/media?parent=15629"}],"curies":[{"name":"wp","href":"https:\/\/api.w.org\/{rel}","templated":true}]}}